{"id":2582,"date":"2023-07-03T11:19:49","date_gmt":"2023-07-03T11:19:49","guid":{"rendered":"https:\/\/beratung.vamtam.com\/?page_id=2582"},"modified":"2025-06-28T13:18:00","modified_gmt":"2025-06-28T13:18:00","slug":"message-from-the-ambassador","status":"publish","type":"page","link":"https:\/\/kenyaembassyhavana.org\/es\/message-from-the-ambassador\/","title":{"rendered":"Mensaje del Embajador"},"content":{"rendered":"<div data-elementor-type=\"wp-page\" data-elementor-id=\"2582\" class=\"elementor elementor-2582\" data-elementor-post-type=\"page\">\n\t\t\t\t\t\t<section class=\"elementor-section elementor-top-section elementor-element elementor-element-779d4545 elementor-section-boxed elementor-section-height-default elementor-section-height-default\" data-id=\"779d4545\" data-element_type=\"section\" data-e-type=\"section\" data-settings=\"{&quot;background_background&quot;:&quot;classic&quot;}\">\n\t\t\t\t\t\t<div class=\"elementor-container elementor-column-gap-no\">\n\t\t\t\t\t<div class=\"elementor-column elementor-col-33 elementor-top-column elementor-element elementor-element-70b1a425\" data-id=\"70b1a425\" data-element_type=\"column\" data-e-type=\"column\">\n\t\t\t<div class=\"elementor-widget-wrap elementor-element-populated\">\n\t\t\t\t\t\t<div class=\"elementor-element elementor-element-17fbee6 elementor-widget elementor-widget-image\" data-id=\"17fbee6\" data-element_type=\"widget\" data-e-type=\"widget\" data-widget_type=\"image.default\">\n\t\t\t\t<div class=\"elementor-widget-container\">\n\t\t\t\t\t\t\t\t\t\t\t\t\t\t\t<img fetchpriority=\"high\" decoding=\"async\" width=\"1024\" height=\"1024\" src=\"https:\/\/kenyaembassyhavana.org\/wp-content\/uploads\/2025\/06\/Ambassador-1024x1024.webp\" class=\"attachment-large size-large wp-image-988124\" alt=\"\" srcset=\"https:\/\/kenyaembassyhavana.org\/wp-content\/uploads\/2025\/06\/Ambassador-1024x1024.webp 1024w, https:\/\/kenyaembassyhavana.org\/wp-content\/uploads\/2025\/06\/Ambassador-300x300.webp 300w, https:\/\/kenyaembassyhavana.org\/wp-content\/uploads\/2025\/06\/Ambassador-150x150.webp 150w, https:\/\/kenyaembassyhavana.org\/wp-content\/uploads\/2025\/06\/Ambassador-768x768.webp 768w, https:\/\/kenyaembassyhavana.org\/wp-content\/uploads\/2025\/06\/Ambassador-12x12.webp 12w, https:\/\/kenyaembassyhavana.org\/wp-content\/uploads\/2025\/06\/Ambassador.webp 1440w\" sizes=\"(max-width: 1024px) 100vw, 1024px\" \/>\t\t\t\t\t\t\t\t\t\t\t\t\t\t\t<\/div>\n\t\t\t\t<\/div>\n\t\t\t\t\t<\/div>\n\t\t<\/div>\n\t\t\t\t<div class=\"elementor-column elementor-col-66 elementor-top-column elementor-element elementor-element-463b22ad\" data-id=\"463b22ad\" data-element_type=\"column\" data-e-type=\"column\">\n\t\t\t<div class=\"elementor-widget-wrap elementor-element-populated\">\n\t\t\t\t\t\t<div class=\"elementor-element elementor-element-6c62027c elementor-widget elementor-widget-heading\" data-id=\"6c62027c\" data-element_type=\"widget\" data-e-type=\"widget\" data-widget_type=\"heading.default\">\n\t\t\t\t<div class=\"elementor-widget-container\">\n\t\t\t\t\t<h2 class=\"elementor-heading-title elementor-size-default\">Mensaje del Embajador<\/h2>\t\t\t\t<\/div>\n\t\t\t\t<\/div>\n\t\t\t\t<div class=\"elementor-element elementor-element-5213be9 elementor-widget elementor-widget-theme-post-excerpt\" data-id=\"5213be9\" data-element_type=\"widget\" data-e-type=\"widget\" data-widget_type=\"theme-post-excerpt.default\">\n\t\t\t\t<div class=\"elementor-widget-container\">\n\t\t\t\t\tS.E. Mwenda Karisa, Embajador Extraordinario y Plenipotenciario\n\t\t\t\t<\/div>\n\t\t\t\t<\/div>\n\t\t\t\t\t<\/div>\n\t\t<\/div>\n\t\t\t\t\t<\/div>\n\t\t<\/section>\n\t\t<div class=\"elementor-element elementor-element-df22669 e-flex e-con-boxed e-con e-parent\" data-id=\"df22669\" data-element_type=\"container\" data-e-type=\"container\" data-settings=\"{&quot;background_background&quot;:&quot;classic&quot;}\">\n\t\t\t\t\t<div class=\"e-con-inner\">\n\t\t\t\t<div class=\"elementor-element elementor-element-83e6b76 elementor-icon-list--layout-traditional elementor-list-item-link-full_width elementor-widget elementor-widget-icon-list\" data-id=\"83e6b76\" data-element_type=\"widget\" data-e-type=\"widget\" data-widget_type=\"icon-list.default\">\n\t\t\t\t<div class=\"elementor-widget-container\">\n\t\t\t\t\t\t\t<ul class=\"elementor-icon-list-items\">\n\t\t\t\t\t\t\t<li class=\"elementor-icon-list-item\">\n\t\t\t\t\t\t\t\t\t\t\t<span class=\"elementor-icon-list-icon\">\n\t\t\t\t\t\t\t<i aria-hidden=\"true\" class=\"vamtamtheme- vamtam-theme-brand-symbol\"><\/i>\t\t\t\t\t\t<\/span>\n\t\t\t\t\t\t\t\t\t\t<span class=\"elementor-icon-list-text\">Mensaje del Embajador<\/span>\n\t\t\t\t\t\t\t\t\t<\/li>\n\t\t\t\t\t\t<\/ul>\n\t\t\t\t\t\t<\/div>\n\t\t\t\t<\/div>\n\t\t\t\t\t<\/div>\n\t\t\t\t<\/div>\n\t\t<div class=\"elementor-element elementor-element-2c07c2d e-flex e-con-boxed e-con e-parent\" data-id=\"2c07c2d\" data-element_type=\"container\" data-e-type=\"container\">\n\t\t\t\t\t<div class=\"e-con-inner\">\n\t\t\t\t<div class=\"elementor-element elementor-element-510d860 elementor-widget elementor-widget-text-editor\" data-id=\"510d860\" data-element_type=\"widget\" data-e-type=\"widget\" data-widget_type=\"text-editor.default\">\n\t\t\t\t<div class=\"elementor-widget-container\">\n\t\t\t\t\t\t\t\t\t<p>Me complace darles la bienvenida al sitio web de la Embajada de la Rep\u00fablica de Kenia en La Habana, Cuba. Esta Embajada est\u00e1 acreditada concurrentemente ante Bahamas, Barbados, Colombia, Ecuador, Guyana, Hait\u00ed, Jamaica, Panam\u00e1, Rep\u00fablica Dominicana, San Crist\u00f3bal y Nieves, San Vicente y las Granadinas, Trinidad y Tobago, Venezuela y la Secretar\u00eda de CARICOM.<\/p><p>Perm\u00edtanme decir brevemente algo sobre nuestro pa\u00eds, Kenia. Kenia est\u00e1 situada en \u00c1frica Oriental, bordeando el Oc\u00e9ano \u00cdndico por el este. El Ecuador atraviesa el pa\u00eds, dot\u00e1ndonos as\u00ed de diversas regiones de condiciones clim\u00e1ticas. Entre ellas, bosques ecuatoriales, praderas de sabana repletas de vida salvaje, el Gran Valle del Rift y tierras altas monta\u00f1osas. Kenia alberga la mundialmente famosa reserva de Maasai Mara, conocida por las migraciones anuales de \u00f1us. Kenia posee tambi\u00e9n un rico patrimonio cultural con diversas culturas y lenguas.<\/p><p>La creaci\u00f3n de la Embajada se inspir\u00f3 en las relaciones hist\u00f3ricas entre Kenia y la Rep\u00fablica de Cuba y otros pa\u00edses del Caribe. Estas relaciones se han visto conformadas por el patrimonio compartido y los v\u00ednculos hist\u00f3ricos de los pueblos de \u00c1frica y el Caribe.  Cabe destacar que Cuba fue el primer pa\u00eds caribe\u00f1o en establecer una misi\u00f3n diplom\u00e1tica en Kenia. La ubicaci\u00f3n de la Misi\u00f3n en el Caribe tambi\u00e9n se bas\u00f3 en el papel fundamental que desempe\u00f1a la Rep\u00fablica de Cuba en el \u00e1mbito multilateral y mundial, lo que convierte a La Habana en un centro neur\u00e1lgico para el compromiso diplom\u00e1tico. Adem\u00e1s, la ubicaci\u00f3n central de La Habana en el Caribe la convierte en una plataforma de lanzamiento conveniente para los compromisos con otros pa\u00edses de la regi\u00f3n.<\/p><p>Nuestra Misi\u00f3n como Embajada de Kenia es promover las relaciones bilaterales entre Kenia y Cuba y otros pa\u00edses de acreditaci\u00f3n y proteger los intereses de Kenia y los kenianos en los pa\u00edses anfitriones. Con este fin nos comprometemos a mejorar las relaciones entre Kenia y nuestros pa\u00edses de acreditaci\u00f3n. A la di\u00e1spora keniana estamos aqu\u00ed para comprometernos con ustedes para atender sus preocupaciones y promover su contribuci\u00f3n al desarrollo nacional de Kenia.<\/p><p>Este sitio web proporcionar\u00e1 una plataforma para el compromiso entre nuestra embajada y nuestra di\u00e1spora, as\u00ed como los residentes en los pa\u00edses de nuestra acreditaci\u00f3n. Utilizaremos el sitio web para compartir informaci\u00f3n sobre Kenia, la Embajada, los servicios que prestamos y temas de actualidad y de inter\u00e9s.<\/p><p>Esperamos recibir comentarios de nuestros clientes a trav\u00e9s de las cuentas de las redes sociales, el correo electr\u00f3nico y las l\u00edneas telef\u00f3nicas de la Embajada.<\/p><p><strong>Mwenda Karisa<\/strong><br \/><strong>EMBAJADOR<\/strong><\/p>\t\t\t\t\t\t\t\t<\/div>\n\t\t\t\t<\/div>\n\t\t\t\t\t<\/div>\n\t\t\t\t<\/div>\n\t\t\t\t<\/div>","protected":false},"excerpt":{"rendered":"<p>S.E. Mwenda Karisa, Embajador Extraordinario y Plenipotenciario<\/p>","protected":false},"author":1,"featured_media":988124,"parent":0,"menu_order":0,"comment_status":"closed","ping_status":"closed","template":"","meta":{"_eb_attr":"","_monsterinsights_skip_tracking":false,"_monsterinsights_sitenote_active":false,"_monsterinsights_sitenote_note":"","_monsterinsights_sitenote_category":0,"footnotes":""},"class_list":["post-2582","page","type-page","status-publish","has-post-thumbnail","hentry"],"_links":{"self":[{"href":"https:\/\/kenyaembassyhavana.org\/es\/wp-json\/wp\/v2\/pages\/2582","targetHints":{"allow":["GET"]}}],"collection":[{"href":"https:\/\/kenyaembassyhavana.org\/es\/wp-json\/wp\/v2\/pages"}],"about":[{"href":"https:\/\/kenyaembassyhavana.org\/es\/wp-json\/wp\/v2\/types\/page"}],"author":[{"embeddable":true,"href":"https:\/\/kenyaembassyhavana.org\/es\/wp-json\/wp\/v2\/users\/1"}],"replies":[{"embeddable":true,"href":"https:\/\/kenyaembassyhavana.org\/es\/wp-json\/wp\/v2\/comments?post=2582"}],"version-history":[{"count":27,"href":"https:\/\/kenyaembassyhavana.org\/es\/wp-json\/wp\/v2\/pages\/2582\/revisions"}],"predecessor-version":[{"id":988365,"href":"https:\/\/kenyaembassyhavana.org\/es\/wp-json\/wp\/v2\/pages\/2582\/revisions\/988365"}],"wp:featuredmedia":[{"embeddable":true,"href":"https:\/\/kenyaembassyhavana.org\/es\/wp-json\/wp\/v2\/media\/988124"}],"wp:attachment":[{"href":"https:\/\/kenyaembassyhavana.org\/es\/wp-json\/wp\/v2\/media?parent=2582"}],"curies":[{"name":"wp","href":"https:\/\/api.w.org\/{rel}","templated":true}]}}