{"id":89,"date":"2023-06-20T12:16:30","date_gmt":"2023-06-20T12:16:30","guid":{"rendered":"https:\/\/beratung.vamtam.com\/?page_id=89"},"modified":"2025-06-28T13:19:20","modified_gmt":"2025-06-28T13:19:20","slug":"about-us","status":"publish","type":"page","link":"https:\/\/kenyaembassyhavana.org\/es\/about-us\/","title":{"rendered":"Qui\u00e9nes somos"},"content":{"rendered":"<div data-elementor-type=\"wp-page\" data-elementor-id=\"89\" class=\"elementor elementor-89\" data-elementor-post-type=\"page\">\n\t\t\t\t\t\t<section class=\"elementor-section elementor-top-section elementor-element elementor-element-6c91f69c elementor-section-full_width elementor-section-content-middle elementor-section-height-default elementor-section-height-default\" data-id=\"6c91f69c\" data-element_type=\"section\" data-e-type=\"section\" data-settings=\"{&quot;background_background&quot;:&quot;classic&quot;}\">\n\t\t\t\t\t\t<div class=\"elementor-container elementor-column-gap-no\">\n\t\t\t\t\t<div class=\"elementor-column elementor-col-100 elementor-top-column elementor-element elementor-element-3f402938\" data-id=\"3f402938\" data-element_type=\"column\" data-e-type=\"column\">\n\t\t\t<div class=\"elementor-widget-wrap elementor-element-populated\">\n\t\t\t\t\t\t<section class=\"elementor-section elementor-inner-section elementor-element elementor-element-7e389e5e elementor-section-height-min-height elementor-section-content-middle elementor-section-boxed elementor-section-height-default\" data-id=\"7e389e5e\" data-element_type=\"section\" data-e-type=\"section\">\n\t\t\t\t\t\t<div class=\"elementor-container elementor-column-gap-no\">\n\t\t\t\t\t<div class=\"elementor-column elementor-col-100 elementor-inner-column elementor-element elementor-element-274a7a16\" data-id=\"274a7a16\" data-element_type=\"column\" data-e-type=\"column\">\n\t\t\t<div class=\"elementor-widget-wrap elementor-element-populated\">\n\t\t\t\t\t\t<div class=\"elementor-element elementor-element-7e836102 elementor-widget elementor-widget-heading\" data-id=\"7e836102\" data-element_type=\"widget\" data-e-type=\"widget\" data-widget_type=\"heading.default\">\n\t\t\t\t<div class=\"elementor-widget-container\">\n\t\t\t\t\t<h1 class=\"elementor-heading-title elementor-size-default\">Qui\u00e9nes somos<\/h1>\t\t\t\t<\/div>\n\t\t\t\t<\/div>\n\t\t\t\t<div class=\"elementor-element elementor-element-13aa2761 elementor-widget elementor-widget-text-editor\" data-id=\"13aa2761\" data-element_type=\"widget\" data-e-type=\"widget\" data-widget_type=\"text-editor.default\">\n\t\t\t\t<div class=\"elementor-widget-container\">\n\t\t\t\t\t\t\t\t\tSobre la Embajada\t\t\t\t\t\t\t\t<\/div>\n\t\t\t\t<\/div>\n\t\t\t\t\t<\/div>\n\t\t<\/div>\n\t\t\t\t\t<\/div>\n\t\t<\/section>\n\t\t\t\t\t<\/div>\n\t\t<\/div>\n\t\t\t\t\t<\/div>\n\t\t<\/section>\n\t\t<div class=\"elementor-element elementor-element-1c80a2e e-flex e-con-boxed e-con e-parent\" data-id=\"1c80a2e\" data-element_type=\"container\" data-e-type=\"container\">\n\t\t\t\t\t<div class=\"e-con-inner\">\n\t\t\t\t<div class=\"elementor-element elementor-element-6d8d3ad elementor-widget elementor-widget-text-editor\" data-id=\"6d8d3ad\" data-element_type=\"widget\" data-e-type=\"widget\" data-widget_type=\"text-editor.default\">\n\t\t\t\t<div class=\"elementor-widget-container\">\n\t\t\t\t\t\t\t\t\t<h2>El Embajador<\/h2><p>S.E. Mwenda Karisa, Embajador Extraordinario y Plenipotenciario.<\/p>\t\t\t\t\t\t\t\t<\/div>\n\t\t\t\t<\/div>\n\t\t\t\t<div class=\"elementor-element elementor-element-ecf755d elementor-widget elementor-widget-text-editor\" data-id=\"ecf755d\" data-element_type=\"widget\" data-e-type=\"widget\" data-widget_type=\"text-editor.default\">\n\t\t\t\t<div class=\"elementor-widget-container\">\n\t\t\t\t\t\t\t\t\t<h2><strong>Antiguos embajadores <\/strong><\/h2><p>Embajador Anthony M. Muchiri<\/p><p>Embajador Gathoga Chege, MBS<\/p>\t\t\t\t\t\t\t\t<\/div>\n\t\t\t\t<\/div>\n\t\t\t\t<div class=\"elementor-element elementor-element-fb25108 elementor-widget elementor-widget-text-editor\" data-id=\"fb25108\" data-element_type=\"widget\" data-e-type=\"widget\" data-widget_type=\"text-editor.default\">\n\t\t\t\t<div class=\"elementor-widget-container\">\n\t\t\t\t\t\t\t\t\t<h2><strong>Embajada Personal diplom\u00e1tico <\/strong><\/h2><ol><li>E Everlyne Mwenda Karisa, Embajador Extraordinario y Plenipotenciario<\/li><li>Patrick N. Nzusi, Ministro\/Jefe de Canciller\u00eda<\/li><li>Joel K. Sego, Agregado Financiero<\/li><li>Bernadette M. Mumo, Agregada Administrativa<\/li><\/ol>\t\t\t\t\t\t\t\t<\/div>\n\t\t\t\t<\/div>\n\t\t\t\t<div class=\"elementor-element elementor-element-b1f675e elementor-widget elementor-widget-text-editor\" data-id=\"b1f675e\" data-element_type=\"widget\" data-e-type=\"widget\" data-widget_type=\"text-editor.default\">\n\t\t\t\t<div class=\"elementor-widget-container\">\n\t\t\t\t\t\t\t\t\t<h2><strong>Sobre la Embajada<\/strong><\/h2><p>La Embajada de la Rep\u00fablica de Kenia en La Habana se estableci\u00f3 en septiembre de 2016. El establecimiento de la Misi\u00f3n se inspir\u00f3 en las relaciones hist\u00f3ricas entre Kenia y la Rep\u00fablica de Cuba. Cabe se\u00f1alar que Cuba fue el primer pa\u00eds del Caribe en establecer una misi\u00f3n diplom\u00e1tica en Kenia. La ubicaci\u00f3n de la Misi\u00f3n en el Caribe tambi\u00e9n se bas\u00f3 en el papel fundamental que la Rep\u00fablica de Cuba desempe\u00f1a en el \u00e1mbito multilateral y mundial, lo que convierte a La Habana en un centro de compromiso diplom\u00e1tico. Adem\u00e1s, la ubicaci\u00f3n central de La Habana en el Caribe la convierte en una plataforma de lanzamiento conveniente para los compromisos con otros pa\u00edses de la regi\u00f3n.<\/p><p>En sus inicios, la Misi\u00f3n estaba acreditada ante la Rep\u00fablica de Cuba, Barbados, la Rep\u00fablica Dominicana, Guyana, Jamaica y la Comunidad del Caribe. En 2021, la jurisdicci\u00f3n de la Misi\u00f3n se ampli\u00f3 para incluir m\u00e1s pa\u00edses caribe\u00f1os y latinoamericanos: Bahamas, Barbados, Colombia, Ecuador, Guyana, Hait\u00ed, Jamaica, Panam\u00e1, Rep\u00fablica Dominicana, San Crist\u00f3bal y Nieves, San Vicente y las Granadinas, Trinidad y Tobago y Venezuela. La ampliaci\u00f3n del mandato se bas\u00f3 en el mayor potencial de beneficios econ\u00f3micos, sociales y pol\u00edticos para Kenia a trav\u00e9s de las relaciones bilaterales con estos pa\u00edses y el papel de liderazgo que Kenia ha venido desempe\u00f1ando en las relaciones \u00c1frica-Caribe.<\/p><p>La Embajada de Kenia en La Habana es una Misi\u00f3n \u00fanica en comparaci\u00f3n con otras Misiones de Kenia en el extranjero. La Embajada es la primera misi\u00f3n diplom\u00e1tica de Kenia en el Caribe. Cubre el mayor n\u00famero de pa\u00edses repartidos en tres regiones diversas: el Caribe, Am\u00e9rica del Sur y Am\u00e9rica Central. Adem\u00e1s, la geograf\u00eda y la ubicaci\u00f3n de los pa\u00edses que cubre, en su mayor\u00eda Estados insulares y con tres idiomas oficiales diferentes, agrava las circunstancias especiales en las que opera la Embajada. La ubicaci\u00f3n de la Misi\u00f3n en el Caribe, mayoritariamente poblado por afrodescendientes que la Uni\u00f3n Africana ha identificado como la sexta regi\u00f3n de \u00c1frica, se suma al papel fundamental que se espera que desempe\u00f1e en la promoci\u00f3n del liderazgo de Kenia en la cooperaci\u00f3n entre \u00c1frica y su di\u00e1spora.<\/p>\t\t\t\t\t\t\t\t<\/div>\n\t\t\t\t<\/div>\n\t\t\t\t\t<\/div>\n\t\t\t\t<\/div>\n\t\t\t\t<\/div>","protected":false},"excerpt":{"rendered":"<p>Sobre la Embajada<\/p>","protected":false},"author":1,"featured_media":0,"parent":0,"menu_order":0,"comment_status":"closed","ping_status":"closed","template":"","meta":{"_eb_attr":"","_monsterinsights_skip_tracking":false,"_monsterinsights_sitenote_active":false,"_monsterinsights_sitenote_note":"","_monsterinsights_sitenote_category":0,"footnotes":""},"class_list":["post-89","page","type-page","status-publish","hentry"],"_links":{"self":[{"href":"https:\/\/kenyaembassyhavana.org\/es\/wp-json\/wp\/v2\/pages\/89","targetHints":{"allow":["GET"]}}],"collection":[{"href":"https:\/\/kenyaembassyhavana.org\/es\/wp-json\/wp\/v2\/pages"}],"about":[{"href":"https:\/\/kenyaembassyhavana.org\/es\/wp-json\/wp\/v2\/types\/page"}],"author":[{"embeddable":true,"href":"https:\/\/kenyaembassyhavana.org\/es\/wp-json\/wp\/v2\/users\/1"}],"replies":[{"embeddable":true,"href":"https:\/\/kenyaembassyhavana.org\/es\/wp-json\/wp\/v2\/comments?post=89"}],"version-history":[{"count":19,"href":"https:\/\/kenyaembassyhavana.org\/es\/wp-json\/wp\/v2\/pages\/89\/revisions"}],"predecessor-version":[{"id":988368,"href":"https:\/\/kenyaembassyhavana.org\/es\/wp-json\/wp\/v2\/pages\/89\/revisions\/988368"}],"wp:attachment":[{"href":"https:\/\/kenyaembassyhavana.org\/es\/wp-json\/wp\/v2\/media?parent=89"}],"curies":[{"name":"wp","href":"https:\/\/api.w.org\/{rel}","templated":true}]}}