{"id":988199,"date":"2025-06-11T07:32:05","date_gmt":"2025-06-11T07:32:05","guid":{"rendered":"https:\/\/kenyaembassyhavana.org\/?page_id=988199"},"modified":"2025-06-11T07:58:38","modified_gmt":"2025-06-11T07:58:38","slug":"services-to-kenyans-in-distress","status":"publish","type":"page","link":"https:\/\/kenyaembassyhavana.org\/es\/services-to-kenyans-in-distress\/","title":{"rendered":"Servicios a los kenianos en apuros"},"content":{"rendered":"<div data-elementor-type=\"wp-page\" data-elementor-id=\"988199\" class=\"elementor elementor-988199\" data-elementor-post-type=\"page\">\n\t\t\t\t\t\t<section class=\"elementor-section elementor-top-section elementor-element elementor-element-70d007bc elementor-section-full_width elementor-section-content-middle elementor-section-height-default elementor-section-height-default\" data-id=\"70d007bc\" data-element_type=\"section\" data-e-type=\"section\" data-settings=\"{&quot;background_background&quot;:&quot;classic&quot;}\">\n\t\t\t\t\t\t<div class=\"elementor-container elementor-column-gap-no\">\n\t\t\t\t\t<div class=\"elementor-column elementor-col-100 elementor-top-column elementor-element elementor-element-7fc3abd1\" data-id=\"7fc3abd1\" data-element_type=\"column\" data-e-type=\"column\">\n\t\t\t<div class=\"elementor-widget-wrap elementor-element-populated\">\n\t\t\t\t\t\t<section class=\"elementor-section elementor-inner-section elementor-element elementor-element-23edc78b elementor-section-height-min-height elementor-section-content-middle elementor-section-boxed elementor-section-height-default\" data-id=\"23edc78b\" data-element_type=\"section\" data-e-type=\"section\">\n\t\t\t\t\t\t<div class=\"elementor-container elementor-column-gap-no\">\n\t\t\t\t\t<div class=\"elementor-column elementor-col-100 elementor-inner-column elementor-element elementor-element-7344ab83\" data-id=\"7344ab83\" data-element_type=\"column\" data-e-type=\"column\">\n\t\t\t<div class=\"elementor-widget-wrap elementor-element-populated\">\n\t\t\t\t\t\t<div class=\"elementor-element elementor-element-466a8ce6 elementor-widget elementor-widget-heading\" data-id=\"466a8ce6\" data-element_type=\"widget\" data-e-type=\"widget\" data-widget_type=\"heading.default\">\n\t\t\t\t<div class=\"elementor-widget-container\">\n\t\t\t\t\t<h2 class=\"elementor-heading-title elementor-size-default\">Asistencia consular a kenianos en apuros<\/h2>\t\t\t\t<\/div>\n\t\t\t\t<\/div>\n\t\t\t\t<div class=\"elementor-element elementor-element-d3e2140 elementor-widget elementor-widget-text-editor\" data-id=\"d3e2140\" data-element_type=\"widget\" data-e-type=\"widget\" data-widget_type=\"text-editor.default\">\n\t\t\t\t<div class=\"elementor-widget-container\">\n\t\t\t\t\t\t\t\t\t<p>La Embajada se esforzar\u00e1 por poner en contacto a los kenianos en apuros con familiares o conocidos en Kenia o en otros lugares para que puedan solicitar la ayuda necesaria.<\/p>\t\t\t\t\t\t\t\t<\/div>\n\t\t\t\t<\/div>\n\t\t\t\t\t<\/div>\n\t\t<\/div>\n\t\t\t\t\t<\/div>\n\t\t<\/section>\n\t\t\t\t\t<\/div>\n\t\t<\/div>\n\t\t\t\t\t<\/div>\n\t\t<\/section>\n\t\t\t\t<section class=\"elementor-section elementor-top-section elementor-element elementor-element-77df66b3 elementor-section-content-middle elementor-section-height-min-height elementor-section-items-stretch elementor-reverse-mobile elementor-section-boxed elementor-section-height-default\" data-id=\"77df66b3\" data-element_type=\"section\" data-e-type=\"section\">\n\t\t\t\t\t\t<div class=\"elementor-container elementor-column-gap-no\">\n\t\t\t\t\t<div class=\"elementor-column elementor-col-100 elementor-top-column elementor-element elementor-element-378de4e5\" data-id=\"378de4e5\" data-element_type=\"column\" data-e-type=\"column\">\n\t\t\t<div class=\"elementor-widget-wrap elementor-element-populated\">\n\t\t\t\t\t\t<div class=\"elementor-element elementor-element-7ab15124 elementor-widget elementor-widget-heading\" data-id=\"7ab15124\" data-element_type=\"widget\" data-e-type=\"widget\" data-widget_type=\"heading.default\">\n\t\t\t\t<div class=\"elementor-widget-container\">\n\t\t\t\t\t<h2 class=\"elementor-heading-title elementor-size-default\">Servicios Consulares en casos de arresto y\/o detenci\u00f3n de nacionales de Kenia en Cuba <\/h2>\t\t\t\t<\/div>\n\t\t\t\t<\/div>\n\t\t\t\t<div class=\"elementor-element elementor-element-21316365 elementor-widget elementor-widget-text-editor\" data-id=\"21316365\" data-element_type=\"widget\" data-e-type=\"widget\" data-widget_type=\"text-editor.default\">\n\t\t\t\t<div class=\"elementor-widget-container\">\n\t\t\t\t\t\t\t\t\t<p>Adem\u00e1s de sus funciones diplom\u00e1ticas, la Embajada presta servicios consulares a los nacionales kenianos visitantes, en tr\u00e1nsito o residentes. Las funciones consulares est\u00e1n previstas en la <strong><em>Convenci\u00f3n de Viena sobre Relaciones Consulares, 1963. <\/em><\/strong><\/p><p>Seg\u00fan lo dispuesto en la Convenci\u00f3n, la Embajada puede prestar servicios consulares a los kenianos siempre que sean detenidos por las autoridades policiales o se les deniegue la entrada en Cuba o el tr\u00e1nsito por Cuba por parte de las autoridades de inmigraci\u00f3n.<\/p><p>En caso de que un nacional keniano sea detenido por las autoridades policiales o se le niegue la entrada al territorio de Cuba, las autoridades en Cuba informar\u00e1n a la Embajada. La Embajada proceder\u00e1 a solicitar acceso al keniano en peligro para prestarle servicios consulares.<\/p><ol><li>Intentar garantizarles un juicio justo y r\u00e1pido.<\/li><li>Vis\u00edtelos en prisi\u00f3n para asegurarse de que reciben un trato humano.<\/li><li>Conversar y mantener correspondencia con ellos y ayudarles a conseguir representaci\u00f3n legal.<\/li><li>Facilitar la comunicaci\u00f3n con sus familias tanto en Kenia como en cualquier otra parte del mundo.<\/li><\/ol><p>Aconsejamos a los kenianos en la di\u00e1spora que se aseguren de cumplir las leyes y normativas del pa\u00eds en el que residen o visitan para evitar meterse en problemas con las autoridades policiales. Instamos a todos los kenianos a que mantengan en todo momento su condici\u00f3n de inmigrantes y eviten el riesgo de tener que enfrentarse a un procedimiento de deportaci\u00f3n. Adem\u00e1s, todos los documentos de viaje deben ser v\u00e1lidos. Tambi\u00e9n es importante registrarse en la Embajada ante cualquier eventualidad. Si por cualquier motivo es detenido y\/o encarcelado, solicite ponerse en contacto con la Embajada. De este modo, la Embajada podr\u00e1 notificar a los familiares m\u00e1s cercanos la situaci\u00f3n del keniano para encontrar posibles v\u00edas de ayuda y tambi\u00e9n para prestar la asistencia consular que se requiera.<\/p>\t\t\t\t\t\t\t\t<\/div>\n\t\t\t\t<\/div>\n\t\t\t\t\t<\/div>\n\t\t<\/div>\n\t\t\t\t\t<\/div>\n\t\t<\/section>\n\t\t\t\t<\/div>","protected":false},"excerpt":{"rendered":"<p>Consular Assistance to Kenyans in Distress The Embassy will strive to link Kenyans in distress with family members or acquaintances in Kenya or elsewhere to enable them to seek the assistance required. Consular Services in cases of arrest and\/or detention of Kenyan nationals in the Cuba Apart from its diplomatic functions, the Embassy provides consular&#8230;<\/p>","protected":false},"author":1,"featured_media":0,"parent":0,"menu_order":0,"comment_status":"closed","ping_status":"closed","template":"","meta":{"_eb_attr":"","_monsterinsights_skip_tracking":false,"_monsterinsights_sitenote_active":false,"_monsterinsights_sitenote_note":"","_monsterinsights_sitenote_category":0,"footnotes":""},"class_list":["post-988199","page","type-page","status-publish","hentry"],"_links":{"self":[{"href":"https:\/\/kenyaembassyhavana.org\/es\/wp-json\/wp\/v2\/pages\/988199","targetHints":{"allow":["GET"]}}],"collection":[{"href":"https:\/\/kenyaembassyhavana.org\/es\/wp-json\/wp\/v2\/pages"}],"about":[{"href":"https:\/\/kenyaembassyhavana.org\/es\/wp-json\/wp\/v2\/types\/page"}],"author":[{"embeddable":true,"href":"https:\/\/kenyaembassyhavana.org\/es\/wp-json\/wp\/v2\/users\/1"}],"replies":[{"embeddable":true,"href":"https:\/\/kenyaembassyhavana.org\/es\/wp-json\/wp\/v2\/comments?post=988199"}],"version-history":[{"count":10,"href":"https:\/\/kenyaembassyhavana.org\/es\/wp-json\/wp\/v2\/pages\/988199\/revisions"}],"predecessor-version":[{"id":988214,"href":"https:\/\/kenyaembassyhavana.org\/es\/wp-json\/wp\/v2\/pages\/988199\/revisions\/988214"}],"wp:attachment":[{"href":"https:\/\/kenyaembassyhavana.org\/es\/wp-json\/wp\/v2\/media?parent=988199"}],"curies":[{"name":"wp","href":"https:\/\/api.w.org\/{rel}","templated":true}]}}